{"id":8096,"date":"2018-02-28T07:40:29","date_gmt":"2018-02-28T07:40:29","guid":{"rendered":"https:\/\/enovathemes.com\/samatex\/?page_id=8096"},"modified":"2020-08-31T15:35:12","modified_gmt":"2020-08-31T12:35:12","slug":"hakkimizda","status":"publish","type":"page","link":"http:\/\/www.tireemekis.com.tr\/index.php\/hakkimizda\/","title":{"rendered":"Hakk\u0131m\u0131zda"},"content":{"rendered":"[vc_row gap=&#8221;40&#8243; equal_height=&#8221;yes&#8221; content_placement=&#8221;middle&#8221; element_id=&#8221;895324&#8243; element_css=&#8221;.vc-row-331899 .animated-container {background-image:url(http:\/\/www.tireemekis.com.tr\/wp-content\/uploads\/2018\/12\/map_transparent_dark.png);}.vc-row-331899 .top-gradient {background:linear-gradient(to bottom, #333230 0%,rgba(255,255,255,0) 100%);}.vc-row-331899 .bottom-gradient {background:linear-gradient(to top, #333230 0%,rgba(255,255,255,0) 100%);}&#8221; css=&#8221;.vc_custom_1548927301070{padding-top: 56px !important;padding-bottom: 96px !important;}&#8221; el_id=&#8221;one-page-about-us&#8221;][vc_column animation_delay=&#8221;0&#8243; css_animation=&#8221;bottom-to-top&#8221; element_id=&#8221;843083&#8243; crp=&#8221;480:i:i,480-768:i:i,768-1024:i:i,1024-1280:15:15,1280-1366:i:i,1366-1600:i:i,1600-1920:i:i&#8221; offset=&#8221;vc_col-lg-6 vc_col-md-12 vc_col-xs-12&#8243;]<span class=\"et-gap et-clearfix et-gap-890689 hide1280\"><\/span><div id=\"et-image-1\" class=\"et-image et-image-box overlay-hover classic alignnone\" ><div class=\"post-image post-media\"><img width=\"t\" height=\"t\" src=\"http:\/\/www.tireemekis.com.tr\/wp-content\/uploads\/2020\/08\/tireemekis.png\" alt=\"Tire Emek \u0130\u015f\"><\/div><div class=\"post-body et-clearfix\"><div class=\"post-body-inner-wrap\"><div class=\"post-body-inner\"><h4 class=\"post-title entry-title\">Tire Emek \u0130\u015f<\/h4><\/div><\/div><\/div><\/div>[\/vc_column][vc_column animation_delay=&#8221;150&#8243; css_animation=&#8221;top-to-bottom&#8221; element_id=&#8221;504275&#8243; crp=&#8221;480:i:i,480-768:i:i,768-1024:i:i,1024-1280:15:15,1280-1366:i:i,1366-1600:i:i,1600-1920:i:i&#8221; offset=&#8221;vc_col-lg-6 vc_col-md-12 vc_col-xs-12&#8243;]<p class=\"et-heading text-align-left tablet-text-align-inherit mobile-text-align-inherit animate-false no-animation-type\" id=\"et-heading-895035\" data-delay=\"0\" data-mobile-font=\"56px\" data-mobile-line-height=\"inherit\" data-tablet-landscape-font=\"inherit\" data-tablet-portrait-font=\"inherit\" data-tablet-landscape-line-height=\"inherit\" data-tablet-portrait-line-height=\"inherit\" data-parallax=\"false\" data-move=\"false\" data-coordinatex=\"0\" data-coordinatey=\"0\" data-speed=\"10\"><span class=\"text-wrapper\"><span class=\"text\">B\u0130Z\u0130 TANIYIN<\/span><\/span><\/p><span class=\"et-gap et-clearfix et-gap-763853\"><\/span><span class=\"et-gap et-clearfix et-gap-138704\"><\/span>[vc_column_text animation_delay=&#8221;0&#8243;]<span class=\"et-font-size\" data-fontsize=\"14px\" data-lineheight=\"32px\"><span style=\"color: #000000;\">ASMA TAVAN SISTEMLERI OLARAK HAYATIN HIZLA AKTI\u011eI MEKANLARDA, KULLANIMA \u00d6ZEL, DEKORATIF PLASTIK VE \u00c7A\u011eDA\u015e G\u00d6R\u00dcN\u00dcML\u00dc \u00c7\u00d6Z\u00dcMLER \u00dcRETIYORUZ.<\/span><\/p>\n<p>1967 y\u0131l\u0131nda T\u0130RE EMEK\u0130\u015e SAN. ve T\u0130C. KOLL. \u015eT\u0130.olarak \u0130zmir&#8217;de metal sekt\u00f6r\u00fcnde, demir \u00e7elik \u00fcr\u00fcnleri sat\u0131\u015f\u0131 ve metal i\u015fleme konular\u0131nda faaliyete ge\u00e7en firmam\u0131z, son 12 y\u0131ld\u0131r, tecr\u00fcbesini ve mesleki g\u00fcc\u00fcn\u00fc, EGEMAT markas\u0131 ile Metal Asma Tavan sekt\u00f6r\u00fcnde \u00e7a\u011fda\u015f mek\u00e2nlar ve kaliteli hizmetlerle se\u00e7kin m\u00fc\u015fterilerinin memnuniyeti i\u00e7in kullan\u0131yor.<\/p>\n<p>Sekt\u00f6rde markala\u015fman\u0131n, kal\u0131c\u0131 ve eskimeyen projeler \u00fcretmenin en \u00f6nemli ko\u015fulu, bize g\u00f6re hizmet verdi\u011fimiz kurumsal veya bireysel m\u00fc\u015fterilerilerimizin memnuniyetidir.<\/p>\n<p>HI\u00c7 BIR TICARI KAYGI, HIZMET KALITEMIZI VE G\u00dcL\u00dcMSEYEN M\u00dc\u015eTERI HEDEFIMIZI DE\u011eI\u015eTIREMEZ, DE\u011eI\u015eTIRMEYECEKTIR.<\/span>[\/vc_column_text][\/vc_column][\/vc_row][vc_row element_id=&#8221;567439&#8243; css=&#8221;.vc_custom_1548937263345{padding-top: 96px !important;padding-bottom: 96px !important;background-color: #f5f5f5 !important;}&#8221;][vc_column animation_delay=&#8221;0&#8243; css_animation=&#8221;bottom-to-top&#8221; width=&#8221;1\/2&#8243; element_id=&#8221;221159&#8243; offset=&#8221;vc_col-lg-3 vc_col-md-3 vc_col-xs-12&#8243; crp=&#8221;480:i:i,480-768:i:i,768-1024:i:i,1024-1280:i:i,1280-1366:i:i,1366-1600:i:i,1600-1920:i:i&#8221;]<div id=\"et-counter-165264\" class=\"et-counter et-clearfix size-small\" data-to=\"500\" data-parallax=\"false\" data-move=\"false\" data-coordinatex=\"0\" data-coordinatey=\"0\" data-speed=\"10\"><div class=\"et-counter-inner\"><div class=\"counter-moving\"><div class=\"counter-moving-child\"><\/div><\/div><div class=\"counter-content\"><div class=\"counter-value\" data-font=\"56px\"><span class=\"counter\"><\/span><\/div><h4 class=\"counter-title\" data-font=\"24px\">Biten \u0130\u015f<\/h4><\/div><\/div><\/div><span class=\"et-gap et-clearfix et-gap-188882 hide1024\"><\/span>[\/vc_column][vc_column animation_delay=&#8221;150&#8243; css_animation=&#8221;bottom-to-top&#8221; width=&#8221;1\/2&#8243; element_id=&#8221;598914&#8243; offset=&#8221;vc_col-lg-3 vc_col-md-3 vc_col-xs-12&#8243; crp=&#8221;480:i:i,480-768:i:i,768-1024:i:i,1024-1280:i:i,1280-1366:i:i,1366-1600:i:i,1600-1920:i:i&#8221;]<div id=\"et-counter-145046\" class=\"et-counter et-clearfix size-small\" data-to=\"4\" data-parallax=\"false\" data-move=\"false\" data-coordinatex=\"0\" data-coordinatey=\"0\" data-speed=\"10\"><div class=\"et-counter-inner\"><div class=\"counter-moving\"><div class=\"counter-moving-child\"><\/div><\/div><div class=\"counter-content\"><div class=\"counter-value\" data-font=\"56px\"><span class=\"counter\"><\/span><\/div><h4 class=\"counter-title\" data-font=\"24px\">Markam\u0131z<\/h4><\/div><\/div><\/div><span class=\"et-gap et-clearfix et-gap-188882 hide1024\"><\/span>[\/vc_column][vc_column animation_delay=&#8221;300&#8243; css_animation=&#8221;bottom-to-top&#8221; width=&#8221;1\/2&#8243; element_id=&#8221;75723&#8243; offset=&#8221;vc_col-lg-3 vc_col-md-3 vc_col-xs-12&#8243; crp=&#8221;480:i:i,480-768:i:i,768-1024:i:i,1024-1280:i:i,1280-1366:i:i,1366-1600:i:i,1600-1920:i:i&#8221;]<div id=\"et-counter-148275\" class=\"et-counter et-clearfix size-small\" data-to=\"25\" data-parallax=\"false\" data-move=\"false\" data-coordinatex=\"0\" data-coordinatey=\"0\" data-speed=\"10\"><div class=\"et-counter-inner\"><div class=\"counter-moving\"><div class=\"counter-moving-child\"><\/div><\/div><div class=\"counter-content\"><div class=\"counter-value\" data-font=\"56px\"><span class=\"counter\"><\/span><\/div><h4 class=\"counter-title\" data-font=\"24px\">\u00c7al\u0131\u015fan\u0131m\u0131z<\/h4><\/div><\/div><\/div><span class=\"et-gap et-clearfix et-gap-189286 hide768\"><\/span>[\/vc_column][vc_column animation_delay=&#8221;450&#8243; css_animation=&#8221;bottom-to-top&#8221; width=&#8221;1\/2&#8243; element_id=&#8221;6121&#8243; offset=&#8221;vc_col-lg-3 vc_col-md-3 vc_col-xs-12&#8243; crp=&#8221;480:i:i,480-768:i:i,768-1024:i:i,1024-1280:i:i,1280-1366:i:i,1366-1600:i:i,1600-1920:i:i&#8221;]<div id=\"et-counter-233011\" class=\"et-counter et-clearfix size-small\" data-to=\"12\" data-parallax=\"false\" data-move=\"false\" data-coordinatex=\"0\" data-coordinatey=\"0\" data-speed=\"10\"><div class=\"et-counter-inner\"><div class=\"counter-moving\"><div class=\"counter-moving-child\"><\/div><\/div><div class=\"counter-content\"><div class=\"counter-value\" data-font=\"56px\"><span class=\"counter\"><\/span><\/div><h4 class=\"counter-title\" data-font=\"24px\">Y\u0131l<\/h4><\/div><\/div><\/div>[\/vc_column][\/vc_row]\n","protected":false},"excerpt":{"rendered":"<p>[vc_row gap=&#8221;40&#8243; equal_height=&#8221;yes&#8221; content_placement=&#8221;middle&#8221; element_id=&#8221;895324&#8243; element_css=&#8221;.vc-row-331899 .animated-container {background-image:url(http:\/\/www.tireemekis.com.tr\/wp-content\/uploads\/2018\/12\/map_transparent_dark.png);}.vc-row-331899 .top-gradient {background:linear-gradient(to bottom, #333230 0%,rgba(255,255,255,0) 100%);}.vc-row-331899 .bottom-gradient {background:linear-gradient(to top, #333230 0%,rgba(255,255,255,0) 100%);}&#8221; css=&#8221;.vc_custom_1548927301070{padding-top: 56px !important;padding-bottom: 96px !important;}&#8221; el_id=&#8221;one-page-about-us&#8221;][vc_column animation_delay=&#8221;0&#8243; css_animation=&#8221;bottom-to-top&#8221; element_id=&#8221;843083&#8243; crp=&#8221;480:i:i,480-768:i:i,768-1024:i:i,1024-1280:15:15,1280-1366:i:i,1366-1600:i:i,1600-1920:i:i&#8221; offset=&#8221;vc_col-lg-6 vc_col-md-12 vc_col-xs-12&#8243;][\/vc_column][vc_column animation_delay=&#8221;150&#8243; css_animation=&#8221;top-to-bottom&#8221; element_id=&#8221;504275&#8243; crp=&#8221;480:i:i,480-768:i:i,768-1024:i:i,1024-1280:15:15,1280-1366:i:i,1366-1600:i:i,1600-1920:i:i&#8221; offset=&#8221;vc_col-lg-6 vc_col-md-12 vc_col-xs-12&#8243;][vc_column_text animation_delay=&#8221;0&#8243;][\/vc_column_text][\/vc_column][\/vc_row][vc_row element_id=&#8221;567439&#8243; css=&#8221;.vc_custom_1548937263345{padding-top: 96px !important;padding-bottom: 96px !important;background-color: #f5f5f5 !important;}&#8221;][vc_column animation_delay=&#8221;0&#8243; css_animation=&#8221;bottom-to-top&#8221; width=&#8221;1\/2&#8243; element_id=&#8221;221159&#8243; offset=&#8221;vc_col-lg-3 vc_col-md-3 [&hellip;]<\/p>\n","protected":false},"author":1,"featured_media":0,"parent":0,"menu_order":0,"comment_status":"closed","ping_status":"closed","template":"page-vc.php","meta":[],"_links":{"self":[{"href":"http:\/\/www.tireemekis.com.tr\/index.php\/wp-json\/wp\/v2\/pages\/8096"}],"collection":[{"href":"http:\/\/www.tireemekis.com.tr\/index.php\/wp-json\/wp\/v2\/pages"}],"about":[{"href":"http:\/\/www.tireemekis.com.tr\/index.php\/wp-json\/wp\/v2\/types\/page"}],"author":[{"embeddable":true,"href":"http:\/\/www.tireemekis.com.tr\/index.php\/wp-json\/wp\/v2\/users\/1"}],"replies":[{"embeddable":true,"href":"http:\/\/www.tireemekis.com.tr\/index.php\/wp-json\/wp\/v2\/comments?post=8096"}],"version-history":[{"count":11,"href":"http:\/\/www.tireemekis.com.tr\/index.php\/wp-json\/wp\/v2\/pages\/8096\/revisions"}],"predecessor-version":[{"id":17945,"href":"http:\/\/www.tireemekis.com.tr\/index.php\/wp-json\/wp\/v2\/pages\/8096\/revisions\/17945"}],"wp:attachment":[{"href":"http:\/\/www.tireemekis.com.tr\/index.php\/wp-json\/wp\/v2\/media?parent=8096"}],"curies":[{"name":"wp","href":"https:\/\/api.w.org\/{rel}","templated":true}]}}