{"id":3389,"date":"2018-02-20T10:47:49","date_gmt":"2018-02-20T10:47:49","guid":{"rendered":"https:\/\/enovathemes.com\/samatex\/?page_id=3389"},"modified":"2020-08-31T15:59:33","modified_gmt":"2020-08-31T12:59:33","slug":"home","status":"publish","type":"page","link":"https:\/\/www.tireemekis.com.tr\/","title":{"rendered":"Anasayfa"},"content":{"rendered":"[vc_row gap=&#8221;0&#8243; element_id=&#8221;42619&#8243; element_css=&#8221;.vc-row-42619 .top-gradient {background:linear-gradient(to bottom, #ffffff 0%,rgba(255,255,255,0) 100%);}&#8221; grid_overlay=&#8221;black&#8221; top_gradient=&#8221;true&#8221; css=&#8221;.vc_custom_1548241884458{padding-top: 72px !important;padding-bottom: 96px !important;background-image: url(http:\/\/www.tireemekis.com.tr\/wp-content\/uploads\/2018\/12\/map_transparent_dark.png?id=13260) !important;background-position: center !important;background-repeat: no-repeat !important;background-size: contain !important;}&#8221; el_class=&#8221;vc_row.background-cover-767 vc_row.background-cover-768-1024 content-box-padding&#8221; gradient_color=&#8221;#ffffff&#8221;][vc_column animation_delay=&#8221;0&#8243; element_id=&#8221;456489&#8243; crp=&#8221;480:i:i,480-768:i:i,768-1024:20:20,1024-1280:i:i,1280-1366:i:i,1366-1600:i:i,1600-1920:i:i&#8221;]<p class=\"et-highlight-heading text-align-left tablet-text-align-inherit mobile-text-align-inherit\" id=\"et-highlight-heading-139792\" data-mobile-font=\"inherit\" data-mobile-line-height=\"inherit\" data-tablet-landscape-font=\"inherit\" data-tablet-portrait-font=\"inherit\" data-tablet-landscape-line-height=\"inherit\" data-tablet-portrait-line-height=\"inherit\" data-parallax=\"false\" data-move=\"false\" data-coordinatex=\"0\" data-coordinatey=\"0\" data-speed=\"10\"><span class=\"text-wrapper\"><span class=\"text\">Hizmetlerimiz<\/span><\/span><\/p><div id=\"et-icon-box-container-325125\" class=\"column-3 et-icon-box-container et-item-set effect-moveUp animation-type-sequential shadow top\"><div id=\"et-icon-box-12030\" class=\"link et-icon-box et-item icon-position-top icon-alignment-left hover-transform\" data-parallax=\"false\" data-move=\"false\" data-coordinatex=\"0\" data-coordinatey=\"0\" data-speed=\"10\"><div class=\"et-icon-box-inner et-item-inner et-clearfix\"><a href=\"#link\"><div class=\"et-icon large-x\"><span class=\"el-icon industrial enova-industrial-engineer1\"><\/span><\/div><div class=\"et-icon-content et-clearfix\"><h4 class=\"et-icon-box-title\">Uzman <span class=\"et-gap et-clearfix et-gap-1\"><\/span> Kadro<\/h4><p class=\"et-icon-box-content\"><span style=\"font-weight: 600;\"><span class=\"et-font-size\" data-fontsize=\"18px\" data-lineheight=\"28px\">Ekibimiz alan\u0131nda uzman ki\u015filerden olu\u015fmaktad\u0131r.Bu i\u015fi az\u0131m,sevgi ve emekle yapmaktad\u0131r.\u00d6nce M\u00fc\u015fteri memnuniyetini ama\u00e7l\u0131yoruz.<\/span><\/span><\/p><\/div><\/a><\/div><\/div><div id=\"et-icon-box-94195\" class=\"link et-icon-box et-item icon-position-top icon-alignment-left hover-transform\" data-parallax=\"false\" data-move=\"false\" data-coordinatex=\"0\" data-coordinatey=\"0\" data-speed=\"10\"><div class=\"et-icon-box-inner et-item-inner et-clearfix\"><a href=\"#link\"><div class=\"et-icon large-x\"><span class=\"el-icon industrial enova-industrial-machinery-1\"><\/span><\/div><div class=\"et-icon-content et-clearfix\"><h4 class=\"et-icon-box-title\">Y\u00fcksek <span class=\"et-gap et-clearfix et-gap-1\"><\/span> Teknoloji<\/h4><p class=\"et-icon-box-content\"><span style=\"font-weight: 600;\"><span class=\"et-font-size\" data-fontsize=\"18px\" data-lineheight=\"28px\">Kulland\u0131\u011f\u0131m\u0131z ekipmanlar\u0131m\u0131z y\u00fcksek teknoloji ve son \u00e7\u0131kan \u00fcr\u00fcnler olmaktad\u0131r.Teknoloji bizim i\u015fimizi daha da kusursuzla\u015ft\u0131rmaktad\u0131r.<\/span><\/span><\/p><\/div><\/a><\/div><\/div><div id=\"et-icon-box-90363\" class=\"link et-icon-box et-item icon-position-top icon-alignment-left hover-transform\" data-parallax=\"false\" data-move=\"false\" data-coordinatex=\"0\" data-coordinatey=\"0\" data-speed=\"10\"><div class=\"et-icon-box-inner et-item-inner et-clearfix\"><a href=\"#link\"><div class=\"et-icon large-x\"><span class=\"el-icon industrial enova-industrial-manufacturing\"><\/span><\/div><div class=\"et-icon-content et-clearfix\"><h4 class=\"et-icon-box-title\">Kaliteli <span class=\"et-gap et-clearfix et-gap-1\"><\/span> \u0130\u015f\u00e7ilik<\/h4><p class=\"et-icon-box-content\"><span style=\"font-weight: 600;\"><span class=\"et-font-size\" data-fontsize=\"18px\" data-lineheight=\"28px\">Ekibimiz ve kullan\u0131lan kaliteli ekipmanlar asl\u0131nda bizi biz yap\u0131yor.12 y\u0131ld\u0131r vazge\u00e7ilmeyen olmam\u0131z\u0131n sebebi kaliteden \u00f6d\u00fcn vermememizdir.<\/span><\/span><\/p><\/div><\/a><\/div><\/div><\/div>[\/vc_column][\/vc_row][vc_row full_width=&#8221;stretch_row_content&#8221; gap=&#8221;0&#8243; equal_height=&#8221;yes&#8221; content_placement=&#8221;middle&#8221; element_id=&#8221;375533&#8243; css=&#8221;.vc_custom_1598874044189{background: #f5f5f5 url(http:\/\/www.tireemekis.com.tr\/wp-content\/uploads\/2019\/02\/map_transparent_white.png?id=16914) !important;background-position: center !important;background-repeat: no-repeat !important;background-size: contain !important;}&#8221;][vc_column animation_delay=&#8221;0&#8243; element_id=&#8221;934880&#8243; element_css=&#8221;.vc-column-934880 .parallax-container {background-image:url(http:\/\/www.tireemekis.com.tr\/wp-content\/uploads\/2020\/08\/stock3.jpg);}&#8221; parallax=&#8221;true&#8221; crp=&#8221;480:i:i,480-768:i:i,768-1024:i:i,1024-1280:i:i,1280-1366:i:i,1366-1600:i:i,1600-1920:i:i&#8221; offset=&#8221;vc_col-lg-6 vc_col-md-12 vc_col-xs-12&#8243; parallax_image=&#8221;17935&#8243;]<span class=\"et-gap et-clearfix et-gap-432750 hide768 hide1280\"><\/span><span class=\"et-gap et-clearfix et-gap-737539 hide767 hide1280\"><\/span>[\/vc_column][vc_column animation_delay=&#8221;0&#8243; element_id=&#8221;190613&#8243; css=&#8221;.vc_custom_1548062450913{padding-right: 160px !important;padding-left: 160px !important;}&#8221; crp=&#8221;480:5:5,480-768:15:15,768-1024:5:5,1024-1280:i:i,1280-1366:10:10,1366-1600:10:10,1600-1920:10:10&#8243; offset=&#8221;vc_col-lg-6 vc_col-md-12 vc_col-xs-12&#8243; el_class=&#8221;icon-box-move-left&#8221;]<span class=\"et-gap et-clearfix et-gap-219705 hide768-1024 hide1024-1280 hide1600\"><\/span><span class=\"et-gap et-clearfix et-gap-490140 hide767 hide1280-1366 hide1366-1600\"><\/span><h1 class=\"et-heading text-align-left tablet-text-align-inherit mobile-text-align-inherit animate-true words-direct\" id=\"et-heading-819277\" data-delay=\"0\" data-mobile-font=\"56px\" data-mobile-line-height=\"56px\" data-tablet-landscape-font=\"inherit\" data-tablet-portrait-font=\"inherit\" data-tablet-landscape-line-height=\"inherit\" data-tablet-portrait-line-height=\"inherit\" data-parallax=\"false\" data-move=\"false\" data-coordinatex=\"0\" data-coordinatey=\"0\" data-speed=\"10\"><span class=\"text-wrapper\"><span class=\"text\">Neden mi Bizi Se\u00e7melisiniz<\/span><\/span><\/h1><span class=\"et-gap et-clearfix et-gap-83941\"><\/span>[vc_column_text animation_delay=&#8221;0&#8243; css_animation=&#8221;none&#8221;]<span class=\"et-font-size\" data-fontsize=\"24px\" data-lineheight=\"32px\">\u00c7\u00fcnk\u00fc biz i\u015fimizin ustas\u0131y\u0131z<\/span>[\/vc_column_text]<span class=\"et-gap et-clearfix et-gap-83941\"><\/span><div id=\"et-icon-box-container-983830\" class=\"column-2 et-icon-box-container et-item-set effect-none animation-type-sequential top no-border\"><div id=\"et-icon-box-96922\" class=\"et-icon-box et-item icon-position-left icon-alignment-left hover-none\" data-parallax=\"false\" data-move=\"false\" data-coordinatex=\"0\" data-coordinatey=\"0\" data-speed=\"10\"><div class=\"et-icon-box-inner et-item-inner et-clearfix\"><div class=\"et-icon medium\"><span class=\"el-icon fas fa-angle-right\"><\/span><\/div><div class=\"et-icon-content et-clearfix\"><h4 class=\"et-icon-box-title\">Emek<\/h4><\/div><\/div><\/div><div id=\"et-icon-box-397836\" class=\"et-icon-box et-item icon-position-left icon-alignment-left hover-none\" data-parallax=\"false\" data-move=\"false\" data-coordinatex=\"0\" data-coordinatey=\"0\" data-speed=\"10\"><div class=\"et-icon-box-inner et-item-inner et-clearfix\"><div class=\"et-icon medium\"><span class=\"el-icon fas fa-angle-right\"><\/span><\/div><div class=\"et-icon-content et-clearfix\"><h4 class=\"et-icon-box-title\">Tecr\u00fcbe<\/h4><\/div><\/div><\/div><div id=\"et-icon-box-921817\" class=\"et-icon-box et-item icon-position-left icon-alignment-left hover-none\" data-parallax=\"false\" data-move=\"false\" data-coordinatex=\"0\" data-coordinatey=\"0\" data-speed=\"10\"><div class=\"et-icon-box-inner et-item-inner et-clearfix\"><div class=\"et-icon medium\"><span class=\"el-icon fas fa-angle-right\"><\/span><\/div><div class=\"et-icon-content et-clearfix\"><h4 class=\"et-icon-box-title\">Kalite<\/h4><\/div><\/div><\/div><div id=\"et-icon-box-777899\" class=\"et-icon-box et-item icon-position-left icon-alignment-left hover-none\" data-parallax=\"false\" data-move=\"false\" data-coordinatex=\"0\" data-coordinatey=\"0\" data-speed=\"10\"><div class=\"et-icon-box-inner et-item-inner et-clearfix\"><div class=\"et-icon medium\"><span class=\"el-icon fas fa-angle-right\"><\/span><\/div><div class=\"et-icon-content et-clearfix\"><h4 class=\"et-icon-box-title\">Uzman Ekip<\/h4><\/div><\/div><\/div><\/div><span class=\"et-gap et-clearfix et-gap-820324 hide767 hide1280-1366 hide1366-1600\"><\/span><span class=\"et-gap et-clearfix et-gap-632132 hide768-1024 hide1024-1280 hide1600\"><\/span>[\/vc_column][\/vc_row][vc_row full_width=&#8221;stretch_row_content&#8221; gap=&#8221;0&#8243; equal_height=&#8221;yes&#8221; content_placement=&#8221;middle&#8221; element_id=&#8221;857041&#8243; css=&#8221;.vc_custom_1598874549653{background-color: #212121 !important;background-position: center !important;background-repeat: no-repeat !important;background-size: contain !important;}&#8221;][vc_column animation_delay=&#8221;0&#8243; element_id=&#8221;190613&#8243; css=&#8221;.vc_custom_1548062450913{padding-right: 160px !important;padding-left: 160px !important;}&#8221; crp=&#8221;480:5:5,480-768:15:15,768-1024:5:5,1024-1280:i:i,1280-1366:10:10,1366-1600:10:10,1600-1920:10:10&#8243; offset=&#8221;vc_col-lg-6 vc_col-md-12 vc_col-xs-12&#8243; el_class=&#8221;icon-box-move-left&#8221;]<span class=\"et-gap et-clearfix et-gap-237158 hide768-1024 hide1024-1280 hide1600\"><\/span><span class=\"et-gap et-clearfix et-gap-237158 hide768-1024 hide1024-1280 hide1600\"><\/span><span class=\"et-gap et-clearfix et-gap-237158 hide768-1024 hide1024-1280 hide1600\"><\/span><h4 class=\"et-heading text-align-left tablet-text-align-inherit mobile-text-align-inherit animate-true words-direct\" id=\"et-heading-313568\" data-delay=\"0\" data-mobile-font=\"56px\" data-mobile-line-height=\"56px\" data-tablet-landscape-font=\"inherit\" data-tablet-portrait-font=\"inherit\" data-tablet-landscape-line-height=\"inherit\" data-tablet-portrait-line-height=\"inherit\" data-parallax=\"false\" data-move=\"false\" data-coordinatex=\"0\" data-coordinatey=\"0\" data-speed=\"10\"><span class=\"text-wrapper\"><span class=\"text\"><span class=\"highlight underline\" style=\"background: #333230;\">YETENEKLER\u0130M\u0130Z<\/span><\/span><\/span><\/h4><span class=\"et-gap et-clearfix et-gap-83941\"><\/span><div id=\"et-icon-box-container-696243\" class=\"column-1 et-icon-box-container et-item-set effect-none animation-type-sequential top no-border\"><div id=\"et-icon-box-474425\" class=\"et-icon-box et-item icon-position-left icon-alignment-left hover-none\" data-parallax=\"false\" data-move=\"false\" data-coordinatex=\"0\" data-coordinatey=\"0\" data-speed=\"10\"><div class=\"et-icon-box-inner et-item-inner et-clearfix\"><div class=\"et-icon medium\"><span class=\"el-icon fas fa-angle-right\"><\/span><\/div><div class=\"et-icon-content et-clearfix\"><h5 class=\"et-icon-box-title\">CNC Lazer Kesim<\/h5><\/div><\/div><\/div><div id=\"et-icon-box-667659\" class=\"et-icon-box et-item icon-position-left icon-alignment-left hover-none\" data-parallax=\"false\" data-move=\"false\" data-coordinatex=\"0\" data-coordinatey=\"0\" data-speed=\"10\"><div class=\"et-icon-box-inner et-item-inner et-clearfix\"><div class=\"et-icon medium\"><span class=\"el-icon fas fa-angle-right\"><\/span><\/div><div class=\"et-icon-content et-clearfix\"><h5 class=\"et-icon-box-title\">CNC Plazma Kesim<\/h5><\/div><\/div><\/div><div id=\"et-icon-box-704319\" class=\"et-icon-box et-item icon-position-left icon-alignment-left hover-none\" data-parallax=\"false\" data-move=\"false\" data-coordinatex=\"0\" data-coordinatey=\"0\" data-speed=\"10\"><div class=\"et-icon-box-inner et-item-inner et-clearfix\"><div class=\"et-icon medium\"><span class=\"el-icon fas fa-angle-right\"><\/span><\/div><div class=\"et-icon-content et-clearfix\"><h5 class=\"et-icon-box-title\">CNC Giyotin Kesim<\/h5><\/div><\/div><\/div><div id=\"et-icon-box-163407\" class=\"et-icon-box et-item icon-position-left icon-alignment-left hover-none\" data-parallax=\"false\" data-move=\"false\" data-coordinatex=\"0\" data-coordinatey=\"0\" data-speed=\"10\"><div class=\"et-icon-box-inner et-item-inner et-clearfix\"><div class=\"et-icon medium\"><span class=\"el-icon fas fa-angle-right\"><\/span><\/div><div class=\"et-icon-content et-clearfix\"><h5 class=\"et-icon-box-title\">CNC Abkant Formlama<\/h5><\/div><\/div><\/div><div id=\"et-icon-box-472401\" class=\"et-icon-box et-item icon-position-left icon-alignment-left hover-none\" data-parallax=\"false\" data-move=\"false\" data-coordinatex=\"0\" data-coordinatey=\"0\" data-speed=\"10\"><div class=\"et-icon-box-inner et-item-inner et-clearfix\"><div class=\"et-icon medium\"><span class=\"el-icon fas fa-angle-right\"><\/span><\/div><div class=\"et-icon-content et-clearfix\"><h5 class=\"et-icon-box-title\">Full CNC Abkant Formlama<\/h5><\/div><\/div><\/div><div id=\"et-icon-box-689651\" class=\"et-icon-box et-item icon-position-left icon-alignment-left hover-none\" data-parallax=\"false\" data-move=\"false\" data-coordinatex=\"0\" data-coordinatey=\"0\" data-speed=\"10\"><div class=\"et-icon-box-inner et-item-inner et-clearfix\"><div class=\"et-icon medium\"><span class=\"el-icon fas fa-angle-right\"><\/span><\/div><div class=\"et-icon-content et-clearfix\"><h5 class=\"et-icon-box-title\">NC Abkant<\/h5><\/div><\/div><\/div><div id=\"et-icon-box-639318\" class=\"et-icon-box et-item icon-position-left icon-alignment-left hover-none\" data-parallax=\"false\" data-move=\"false\" data-coordinatex=\"0\" data-coordinatey=\"0\" data-speed=\"10\"><div class=\"et-icon-box-inner et-item-inner et-clearfix\"><div class=\"et-icon medium\"><span class=\"el-icon fas fa-angle-right\"><\/span><\/div><div class=\"et-icon-content et-clearfix\"><h5 class=\"et-icon-box-title\">NC Giyotin<\/h5><\/div><\/div><\/div><\/div><span class=\"et-gap et-clearfix et-gap-632132 hide768-1024 hide1024-1280 hide1600\"><\/span>[\/vc_column][vc_column animation_delay=&#8221;0&#8243; element_id=&#8221;993693&#8243; element_css=&#8221;.vc-column-993693 .parallax-container {background-image:url(http:\/\/www.tireemekis.com.tr\/wp-content\/uploads\/2019\/02\/stock1.jpg);}&#8221; parallax=&#8221;true&#8221; crp=&#8221;480:i:i,480-768:i:i,768-1024:i:i,1024-1280:i:i,1280-1366:i:i,1366-1600:i:i,1600-1920:i:i&#8221; parallax_image=&#8221;17924&#8243; offset=&#8221;vc_col-lg-6 vc_col-md-12 vc_col-xs-12&#8243;]<span class=\"et-gap et-clearfix et-gap-432750 hide768 hide1280\"><\/span><span class=\"et-gap et-clearfix et-gap-737539 hide767 hide1280\"><\/span>[\/vc_column][\/vc_row][vc_row gap=&#8221;0&#8243; element_id=&#8221;491182&#8243; grid_overlay=&#8221;black&#8221; css=&#8221;.vc_custom_1550149964996{padding-top: 72px !important;padding-bottom: 96px !important;background-position: center !important;background-repeat: no-repeat !important;background-size: contain !important;}&#8221;][vc_column]<p class=\"et-highlight-heading text-align-left tablet-text-align-inherit mobile-text-align-inherit\" id=\"et-highlight-heading-641123\" data-mobile-font=\"inherit\" data-mobile-line-height=\"inherit\" data-tablet-landscape-font=\"inherit\" data-tablet-portrait-font=\"inherit\" data-tablet-landscape-line-height=\"inherit\" data-tablet-portrait-line-height=\"inherit\" data-parallax=\"false\" data-move=\"false\" data-coordinatex=\"0\" data-coordinatey=\"0\" data-speed=\"10\"><span class=\"text-wrapper\"><span class=\"text\">Proje Ortaklar\u0131m\u0131z<\/span><\/span><\/p><div id=\"et-client-container-1\" class=\"et-client-container et-item-set effect-fadeIn grid border-true\" data-columns=\"6\" data-gap=\"0\"><div id=\"et-client-925426\" class=\"et-client et-item\"><div class=\"client-inner et-item-inner\"><a href=\"#link\"><img class=\"regular\" src=\"https:\/\/www.tireemekis.com.tr\/wp-content\/uploads\/2019\/01\/client_1_black.png\" alt=\"Company name\" \/><img class=\"hover\" src=\"https:\/\/www.tireemekis.com.tr\/wp-content\/uploads\/2019\/01\/client_1_white.png\" alt=\"Company name\" \/><\/a><\/div><div class=\"plus\"><\/div><div class=\"back\"><\/div><\/div><div id=\"et-client-981912\" class=\"et-client et-item\"><div class=\"client-inner et-item-inner\"><a href=\"#link\"><img class=\"regular\" src=\"https:\/\/www.tireemekis.com.tr\/wp-content\/uploads\/2019\/01\/client_3_black.png\" alt=\"Company name\" \/><img class=\"hover\" src=\"https:\/\/www.tireemekis.com.tr\/wp-content\/uploads\/2019\/01\/client_3_white.png\" alt=\"Company name\" \/><\/a><\/div><div class=\"plus\"><\/div><div class=\"back\"><\/div><\/div><div id=\"et-client-468944\" class=\"et-client et-item\"><div class=\"client-inner et-item-inner\"><a href=\"#link\"><img class=\"regular\" src=\"https:\/\/www.tireemekis.com.tr\/wp-content\/uploads\/2019\/01\/client_4_black.png\" alt=\"Company name\" \/><img class=\"hover\" src=\"https:\/\/www.tireemekis.com.tr\/wp-content\/uploads\/2019\/01\/client_4_white.png\" alt=\"Company name\" \/><\/a><\/div><div class=\"plus\"><\/div><div class=\"back\"><\/div><\/div><div id=\"et-client-406302\" class=\"et-client et-item\"><div class=\"client-inner et-item-inner\"><a href=\"#link\"><img class=\"regular\" src=\"https:\/\/www.tireemekis.com.tr\/wp-content\/uploads\/2019\/01\/client_7_black.png\" alt=\"Company name\" \/><img class=\"hover\" src=\"https:\/\/www.tireemekis.com.tr\/wp-content\/uploads\/2019\/01\/client_7_white.png\" alt=\"Company name\" \/><\/a><\/div><div class=\"plus\"><\/div><div class=\"back\"><\/div><\/div><div id=\"et-client-523043\" class=\"et-client et-item\"><div class=\"client-inner et-item-inner\"><a href=\"#link\"><img class=\"regular\" src=\"https:\/\/www.tireemekis.com.tr\/wp-content\/uploads\/2019\/01\/client_5_black-1.png\" alt=\"Company name\" \/><img class=\"hover\" src=\"https:\/\/www.tireemekis.com.tr\/wp-content\/uploads\/2019\/01\/client_5_white.png\" alt=\"Company name\" \/><\/a><\/div><div class=\"plus\"><\/div><div class=\"back\"><\/div><\/div><div id=\"et-client-836512\" class=\"et-client et-item\"><div class=\"client-inner et-item-inner\"><a href=\"#link\"><img class=\"regular\" src=\"https:\/\/www.tireemekis.com.tr\/wp-content\/uploads\/2019\/01\/client_6_black.png\" alt=\"Company name\" \/><img class=\"hover\" src=\"https:\/\/www.tireemekis.com.tr\/wp-content\/uploads\/2019\/01\/client_6_white.png\" alt=\"Company name\" \/><\/a><\/div><div class=\"plus\"><\/div><div class=\"back\"><\/div><\/div><div id=\"et-client-361916\" class=\"et-client et-item\"><div class=\"client-inner et-item-inner\"><a href=\"#link\"><img class=\"regular\" src=\"https:\/\/www.tireemekis.com.tr\/wp-content\/uploads\/2019\/01\/client_2_black.png\" alt=\"Company name\" \/><img class=\"hover\" src=\"https:\/\/www.tireemekis.com.tr\/wp-content\/uploads\/2019\/01\/client_2_white.png\" alt=\"Company name\" \/><\/a><\/div><div class=\"plus\"><\/div><div class=\"back\"><\/div><\/div><div id=\"et-client-951246\" class=\"et-client et-item\"><div class=\"client-inner et-item-inner\"><a href=\"#link\"><img class=\"regular\" src=\"https:\/\/www.tireemekis.com.tr\/wp-content\/uploads\/2019\/01\/client_8_black.png\" alt=\"Company name\" \/><img class=\"hover\" src=\"https:\/\/www.tireemekis.com.tr\/wp-content\/uploads\/2019\/01\/client_8_white.png\" alt=\"Company name\" \/><\/a><\/div><div class=\"plus\"><\/div><div class=\"back\"><\/div><\/div><div id=\"et-client-639061\" class=\"et-client et-item\"><div class=\"client-inner et-item-inner\"><a href=\"#link\"><img class=\"regular\" src=\"https:\/\/www.tireemekis.com.tr\/wp-content\/uploads\/2019\/01\/client_9_black.png\" alt=\"Company name\" \/><img class=\"hover\" src=\"https:\/\/www.tireemekis.com.tr\/wp-content\/uploads\/2019\/01\/client_9_white.png\" alt=\"Company name\" \/><\/a><\/div><div class=\"plus\"><\/div><div class=\"back\"><\/div><\/div><div id=\"et-client-937575\" class=\"et-client et-item\"><div class=\"client-inner et-item-inner\"><a href=\"#link\"><img class=\"regular\" src=\"https:\/\/www.tireemekis.com.tr\/wp-content\/uploads\/2019\/01\/client_10_black.png\" alt=\"Company name\" \/><img class=\"hover\" src=\"https:\/\/www.tireemekis.com.tr\/wp-content\/uploads\/2019\/01\/client_10_white.png\" alt=\"Company name\" \/><\/a><\/div><div class=\"plus\"><\/div><div class=\"back\"><\/div><\/div><div id=\"et-client-210347\" class=\"et-client et-item\"><div class=\"client-inner et-item-inner\"><a href=\"#link\"><img class=\"regular\" src=\"https:\/\/www.tireemekis.com.tr\/wp-content\/uploads\/2019\/01\/client_11_black.png\" alt=\"Company name\" \/><img class=\"hover\" src=\"https:\/\/www.tireemekis.com.tr\/wp-content\/uploads\/2019\/01\/client_11_white.png\" alt=\"Company name\" \/><\/a><\/div><div class=\"plus\"><\/div><div class=\"back\"><\/div><\/div><div id=\"et-client-849784\" class=\"et-client et-item\"><div class=\"client-inner et-item-inner\"><a href=\"#link\"><img class=\"regular\" src=\"https:\/\/www.tireemekis.com.tr\/wp-content\/uploads\/2019\/01\/client_12_black.png\" alt=\"Company name\" \/><img class=\"hover\" src=\"https:\/\/www.tireemekis.com.tr\/wp-content\/uploads\/2019\/01\/client_12_white.png\" alt=\"Company name\" \/><\/a><\/div><div class=\"plus\"><\/div><div class=\"back\"><\/div><\/div><\/div>[\/vc_column][\/vc_row]\n","protected":false},"excerpt":{"rendered":"<p>[vc_row gap=&#8221;0&#8243; element_id=&#8221;42619&#8243; element_css=&#8221;.vc-row-42619 .top-gradient {background:linear-gradient(to bottom, #ffffff 0%,rgba(255,255,255,0) 100%);}&#8221; grid_overlay=&#8221;black&#8221; top_gradient=&#8221;true&#8221; css=&#8221;.vc_custom_1548241884458{padding-top: 72px !important;padding-bottom: 96px !important;background-image: url(http:\/\/www.tireemekis.com.tr\/wp-content\/uploads\/2018\/12\/map_transparent_dark.png?id=13260) !important;background-position: center !important;background-repeat: no-repeat !important;background-size: contain !important;}&#8221; el_class=&#8221;vc_row.background-cover-767 vc_row.background-cover-768-1024 content-box-padding&#8221; gradient_color=&#8221;#ffffff&#8221;][vc_column animation_delay=&#8221;0&#8243; element_id=&#8221;456489&#8243; crp=&#8221;480:i:i,480-768:i:i,768-1024:20:20,1024-1280:i:i,1280-1366:i:i,1366-1600:i:i,1600-1920:i:i&#8221;][\/vc_column][\/vc_row][vc_row full_width=&#8221;stretch_row_content&#8221; gap=&#8221;0&#8243; equal_height=&#8221;yes&#8221; content_placement=&#8221;middle&#8221; element_id=&#8221;375533&#8243; css=&#8221;.vc_custom_1598874044189{background: #f5f5f5 url(http:\/\/www.tireemekis.com.tr\/wp-content\/uploads\/2019\/02\/map_transparent_white.png?id=16914) !important;background-position: center !important;background-repeat: no-repeat !important;background-size: contain !important;}&#8221;][vc_column animation_delay=&#8221;0&#8243; element_id=&#8221;934880&#8243; element_css=&#8221;.vc-column-934880 .parallax-container {background-image:url(http:\/\/www.tireemekis.com.tr\/wp-content\/uploads\/2020\/08\/stock3.jpg);}&#8221; parallax=&#8221;true&#8221; crp=&#8221;480:i:i,480-768:i:i,768-1024:i:i,1024-1280:i:i,1280-1366:i:i,1366-1600:i:i,1600-1920:i:i&#8221; offset=&#8221;vc_col-lg-6 [&hellip;]<\/p>\n","protected":false},"author":1,"featured_media":0,"parent":0,"menu_order":0,"comment_status":"closed","ping_status":"closed","template":"page-vc.php","meta":[],"_links":{"self":[{"href":"https:\/\/www.tireemekis.com.tr\/index.php\/wp-json\/wp\/v2\/pages\/3389"}],"collection":[{"href":"https:\/\/www.tireemekis.com.tr\/index.php\/wp-json\/wp\/v2\/pages"}],"about":[{"href":"https:\/\/www.tireemekis.com.tr\/index.php\/wp-json\/wp\/v2\/types\/page"}],"author":[{"embeddable":true,"href":"https:\/\/www.tireemekis.com.tr\/index.php\/wp-json\/wp\/v2\/users\/1"}],"replies":[{"embeddable":true,"href":"https:\/\/www.tireemekis.com.tr\/index.php\/wp-json\/wp\/v2\/comments?post=3389"}],"version-history":[{"count":16,"href":"https:\/\/www.tireemekis.com.tr\/index.php\/wp-json\/wp\/v2\/pages\/3389\/revisions"}],"predecessor-version":[{"id":17948,"href":"https:\/\/www.tireemekis.com.tr\/index.php\/wp-json\/wp\/v2\/pages\/3389\/revisions\/17948"}],"wp:attachment":[{"href":"https:\/\/www.tireemekis.com.tr\/index.php\/wp-json\/wp\/v2\/media?parent=3389"}],"curies":[{"name":"wp","href":"https:\/\/api.w.org\/{rel}","templated":true}]}}