{"id":8102,"date":"2018-02-28T07:40:59","date_gmt":"2018-02-28T07:40:59","guid":{"rendered":"https:\/\/enovathemes.com\/samatex\/?page_id=8102"},"modified":"2020-08-31T12:23:15","modified_gmt":"2020-08-31T09:23:15","slug":"insan-kaynaklari","status":"publish","type":"page","link":"https:\/\/www.tireemekis.com.tr\/index.php\/insan-kaynaklari\/","title":{"rendered":"\u0130nsan Kaynaklar\u0131"},"content":{"rendered":"[vc_row gap=&#8221;56&#8243; element_id=&#8221;43087&#8243; css=&#8221;.vc_custom_1548944801062{padding-bottom: 96px !important;}&#8221;][vc_column width=&#8221;2\/3&#8243;]<h6 class=\"et-heading text-align-left tablet-text-align-inherit mobile-text-align-inherit animate-false no-animation-type\" id=\"et-heading-241867\" data-delay=\"0\" data-mobile-font=\"inherit\" data-mobile-line-height=\"inherit\" data-tablet-landscape-font=\"inherit\" data-tablet-portrait-font=\"inherit\" data-tablet-landscape-line-height=\"inherit\" data-tablet-portrait-line-height=\"inherit\" data-parallax=\"false\" data-move=\"false\" data-coordinatex=\"0\" data-coordinatey=\"0\" data-speed=\"10\"><span class=\"text-wrapper\"><span class=\"text\">Bizimle \u00e7al\u0131\u015fmak ister misiniz?<\/span><\/span><\/h6><span class=\"et-gap et-clearfix et-gap-346324\"><\/span><h3 class=\"et-heading text-align-left tablet-text-align-inherit mobile-text-align-inherit animate-false no-animation-type\" id=\"et-heading-641822\" data-delay=\"0\" data-mobile-font=\"inherit\" data-mobile-line-height=\"inherit\" data-tablet-landscape-font=\"inherit\" data-tablet-portrait-font=\"inherit\" data-tablet-landscape-line-height=\"inherit\" data-tablet-portrait-line-height=\"inherit\" data-parallax=\"false\" data-move=\"false\" data-coordinatex=\"0\" data-coordinatey=\"0\" data-speed=\"10\"><span class=\"text-wrapper\"><span class=\"text\">Ba\u015fvuru Formu<\/span><\/span><\/h3><span class=\"et-gap et-clearfix et-gap-248687\"><\/span><div role=\"form\" class=\"wpcf7\" id=\"wpcf7-f16313-o1\" lang=\"en-US\" dir=\"ltr\">\n<div class=\"screen-reader-response\"><p role=\"status\" aria-live=\"polite\" aria-atomic=\"true\"><\/p> <ul><\/ul><\/div>\n<form action=\"\/index.php\/wp-json\/wp\/v2\/pages\/8102#wpcf7-f16313-o1\" method=\"post\" class=\"wpcf7-form init\" novalidate=\"novalidate\" data-status=\"init\">\n<div style=\"display: none;\">\n<input type=\"hidden\" name=\"_wpcf7\" value=\"16313\" \/>\n<input type=\"hidden\" name=\"_wpcf7_version\" value=\"5.4\" \/>\n<input type=\"hidden\" name=\"_wpcf7_locale\" value=\"en_US\" \/>\n<input type=\"hidden\" name=\"_wpcf7_unit_tag\" value=\"wpcf7-f16313-o1\" \/>\n<input type=\"hidden\" name=\"_wpcf7_container_post\" value=\"0\" \/>\n<input type=\"hidden\" name=\"_wpcf7_posted_data_hash\" value=\"\" \/>\n<\/div>\n<p><span class=\"wpcf7-form-control-wrap your-name\"><input type=\"text\" name=\"your-name\" value=\"\" size=\"40\" class=\"wpcf7-form-control wpcf7-text wpcf7-validates-as-required\" aria-required=\"true\" aria-invalid=\"false\" placeholder=\"Ad Soyad\" \/><\/span><span class=\"wpcf7-form-control-wrap your-email\"><input type=\"email\" name=\"your-email\" value=\"\" size=\"40\" class=\"wpcf7-form-control wpcf7-text wpcf7-email wpcf7-validates-as-required wpcf7-validates-as-email\" aria-required=\"true\" aria-invalid=\"false\" placeholder=\"E-Posta\" \/><\/span><span class=\"wpcf7-form-control-wrap your-subject\"><input type=\"text\" name=\"your-subject\" value=\"\" size=\"40\" class=\"wpcf7-form-control wpcf7-text wpcf7-validates-as-required\" aria-required=\"true\" aria-invalid=\"false\" placeholder=\"Do\u011fum Tarihi\" \/><\/span><span class=\"wpcf7-form-control-wrap tel-478\"><input type=\"tel\" name=\"tel-478\" value=\"\" size=\"40\" class=\"wpcf7-form-control wpcf7-text wpcf7-tel wpcf7-validates-as-tel\" aria-invalid=\"false\" placeholder=\"Telefon\" \/><\/span>Cinsiyet<br \/>\n<span class=\"wpcf7-form-control-wrap radio-566\"><span class=\"wpcf7-form-control wpcf7-radio cinsiyet\" id=\"cinsiyet\"><span class=\"wpcf7-list-item first last\"><input type=\"radio\" name=\"radio-566\" value=\"Erkek\" \/><span class=\"wpcf7-list-item-label\">Erkek<\/span><\/span><\/span><\/span><span class=\"wpcf7-form-control-wrap radio-191\"><span class=\"wpcf7-form-control wpcf7-radio cinsiyet\" id=\"cinsiyet\"><span class=\"wpcf7-list-item first last\"><input type=\"radio\" name=\"radio-191\" value=\"Kad\u0131n\" \/><span class=\"wpcf7-list-item-label\">Kad\u0131n<\/span><\/span><\/span><\/span><span class=\"wpcf7-form-control-wrap textarea-adres\"><textarea name=\"textarea-adres\" cols=\"40\" rows=\"10\" class=\"wpcf7-form-control wpcf7-textarea\" aria-invalid=\"false\" placeholder=\"Adres\"><\/textarea><\/span><\/p>\n<p><input type=\"submit\" value=\"G\u00f6nder\" class=\"wpcf7-form-control wpcf7-submit\" \/><\/p>\n<div class=\"wpcf7-response-output\" aria-hidden=\"true\"><\/div><\/form><\/div>[\/vc_column][\/vc_row]\n","protected":false},"excerpt":{"rendered":"<p>[vc_row gap=&#8221;56&#8243; element_id=&#8221;43087&#8243; css=&#8221;.vc_custom_1548944801062{padding-bottom: 96px !important;}&#8221;][vc_column width=&#8221;2\/3&#8243;][\/vc_column][\/vc_row]<\/p>\n","protected":false},"author":1,"featured_media":0,"parent":0,"menu_order":0,"comment_status":"closed","ping_status":"closed","template":"page-vc.php","meta":[],"_links":{"self":[{"href":"https:\/\/www.tireemekis.com.tr\/index.php\/wp-json\/wp\/v2\/pages\/8102"}],"collection":[{"href":"https:\/\/www.tireemekis.com.tr\/index.php\/wp-json\/wp\/v2\/pages"}],"about":[{"href":"https:\/\/www.tireemekis.com.tr\/index.php\/wp-json\/wp\/v2\/types\/page"}],"author":[{"embeddable":true,"href":"https:\/\/www.tireemekis.com.tr\/index.php\/wp-json\/wp\/v2\/users\/1"}],"replies":[{"embeddable":true,"href":"https:\/\/www.tireemekis.com.tr\/index.php\/wp-json\/wp\/v2\/comments?post=8102"}],"version-history":[{"count":4,"href":"https:\/\/www.tireemekis.com.tr\/index.php\/wp-json\/wp\/v2\/pages\/8102\/revisions"}],"predecessor-version":[{"id":17917,"href":"https:\/\/www.tireemekis.com.tr\/index.php\/wp-json\/wp\/v2\/pages\/8102\/revisions\/17917"}],"wp:attachment":[{"href":"https:\/\/www.tireemekis.com.tr\/index.php\/wp-json\/wp\/v2\/media?parent=8102"}],"curies":[{"name":"wp","href":"https:\/\/api.w.org\/{rel}","templated":true}]}}